{"id":18660,"date":"2026-01-14T17:24:49","date_gmt":"2026-01-14T17:24:49","guid":{"rendered":"https:\/\/arturehome.com\/?post_type=product&#038;p=18660"},"modified":"2026-02-14T13:13:57","modified_gmt":"2026-02-14T13:13:57","slug":"kend-madrid","status":"publish","type":"product","link":"https:\/\/arturehome.com\/en\/product\/kend-madrid\/","title":{"rendered":"K\u00ebnd Madrid"},"content":{"rendered":"<p data-start=\"343\" data-end=\"449\">K\u00ebnde moderne dhe funksionale q\u00eb ofrojn\u00eb rehati maksimale dhe p\u00ebrshtaten leht\u00eb me \u00e7do ambient t\u00eb sallonit.<\/p>","protected":false},"excerpt":{"rendered":"<p data-start=\"343\" data-end=\"449\">K\u00ebnde moderne dhe funksionale q\u00eb ofrojn\u00eb rehati maksimale dhe p\u00ebrshtaten leht\u00eb me \u00e7do ambient t\u00eb sallonit.<\/p>","protected":false},"featured_media":18647,"comment_status":"open","ping_status":"closed","template":"","meta":{"om_disable_all_campaigns":false,"_monsterinsights_skip_tracking":false,"_monsterinsights_sitenote_active":false,"_monsterinsights_sitenote_note":"","_monsterinsights_sitenote_category":0},"product_brand":[223],"product_cat":[155],"product_tag":[88,120],"class_list":{"0":"post-18660","1":"product","2":"type-product","3":"status-publish","4":"has-post-thumbnail","6":"product_brand-madrid","7":"product_cat-kende","8":"product_tag-hot","9":"product_tag-trend","12":"first","13":"instock","14":"shipping-taxable","15":"product-type-simple"},"aioseo_notices":[],"_links":{"self":[{"href":"https:\/\/arturehome.com\/en\/wp-json\/wp\/v2\/product\/18660","targetHints":{"allow":["GET"]}}],"collection":[{"href":"https:\/\/arturehome.com\/en\/wp-json\/wp\/v2\/product"}],"about":[{"href":"https:\/\/arturehome.com\/en\/wp-json\/wp\/v2\/types\/product"}],"replies":[{"embeddable":true,"href":"https:\/\/arturehome.com\/en\/wp-json\/wp\/v2\/comments?post=18660"}],"wp:featuredmedia":[{"embeddable":true,"href":"https:\/\/arturehome.com\/en\/wp-json\/wp\/v2\/media\/18647"}],"wp:attachment":[{"href":"https:\/\/arturehome.com\/en\/wp-json\/wp\/v2\/media?parent=18660"}],"wp:term":[{"taxonomy":"product_brand","embeddable":true,"href":"https:\/\/arturehome.com\/en\/wp-json\/wp\/v2\/product_brand?post=18660"},{"taxonomy":"product_cat","embeddable":true,"href":"https:\/\/arturehome.com\/en\/wp-json\/wp\/v2\/product_cat?post=18660"},{"taxonomy":"product_tag","embeddable":true,"href":"https:\/\/arturehome.com\/en\/wp-json\/wp\/v2\/product_tag?post=18660"}],"curies":[{"name":"wp","href":"https:\/\/api.w.org\/{rel}","templated":true}]}}