{"id":18682,"date":"2026-01-14T17:31:53","date_gmt":"2026-01-14T17:31:53","guid":{"rendered":"https:\/\/arturehome.com\/?post_type=product&#038;p=18682"},"modified":"2026-02-14T13:11:05","modified_gmt":"2026-02-14T13:11:05","slug":"tavoline-buke-01","status":"publish","type":"product","link":"https:\/\/arturehome.com\/en\/product\/tavoline-buke-01\/","title":{"rendered":"Tavolin\u00eb Buke 01"},"content":{"rendered":"<p data-start=\"724\" data-end=\"832\">Tavolina ngr\u00ebnieje me dizajn modern dhe cil\u00ebsi t\u00eb lart\u00eb, perfekte p\u00ebr \u00e7do vakt dhe \u00e7do moment t\u00eb p\u00ebrbashk\u00ebt.<\/p>","protected":false},"excerpt":{"rendered":"<p data-start=\"724\" data-end=\"832\">Tavolina ngr\u00ebnieje me dizajn modern dhe cil\u00ebsi t\u00eb lart\u00eb, perfekte p\u00ebr \u00e7do vakt dhe \u00e7do moment t\u00eb p\u00ebrbashk\u00ebt.<\/p>","protected":false},"featured_media":18683,"comment_status":"open","ping_status":"closed","template":"","meta":{"om_disable_all_campaigns":false,"_monsterinsights_skip_tracking":false,"_monsterinsights_sitenote_active":false,"_monsterinsights_sitenote_note":"","_monsterinsights_sitenote_category":0},"product_brand":[],"product_cat":[156],"product_tag":[88,120],"class_list":{"0":"post-18682","1":"product","2":"type-product","3":"status-publish","4":"has-post-thumbnail","6":"product_cat-tavolina-buke","7":"product_tag-hot","8":"product_tag-trend","11":"first","12":"instock","13":"shipping-taxable","14":"product-type-simple"},"aioseo_notices":[],"_links":{"self":[{"href":"https:\/\/arturehome.com\/en\/wp-json\/wp\/v2\/product\/18682","targetHints":{"allow":["GET"]}}],"collection":[{"href":"https:\/\/arturehome.com\/en\/wp-json\/wp\/v2\/product"}],"about":[{"href":"https:\/\/arturehome.com\/en\/wp-json\/wp\/v2\/types\/product"}],"replies":[{"embeddable":true,"href":"https:\/\/arturehome.com\/en\/wp-json\/wp\/v2\/comments?post=18682"}],"wp:featuredmedia":[{"embeddable":true,"href":"https:\/\/arturehome.com\/en\/wp-json\/wp\/v2\/media\/18683"}],"wp:attachment":[{"href":"https:\/\/arturehome.com\/en\/wp-json\/wp\/v2\/media?parent=18682"}],"wp:term":[{"taxonomy":"product_brand","embeddable":true,"href":"https:\/\/arturehome.com\/en\/wp-json\/wp\/v2\/product_brand?post=18682"},{"taxonomy":"product_cat","embeddable":true,"href":"https:\/\/arturehome.com\/en\/wp-json\/wp\/v2\/product_cat?post=18682"},{"taxonomy":"product_tag","embeddable":true,"href":"https:\/\/arturehome.com\/en\/wp-json\/wp\/v2\/product_tag?post=18682"}],"curies":[{"name":"wp","href":"https:\/\/api.w.org\/{rel}","templated":true}]}}