{"id":18743,"date":"2026-01-14T17:47:44","date_gmt":"2026-01-14T17:47:44","guid":{"rendered":"https:\/\/arturehome.com\/?post_type=product&#038;p=18743"},"modified":"2026-02-14T13:12:53","modified_gmt":"2026-02-14T13:12:53","slug":"tavoline-mesi-manas","status":"publish","type":"product","link":"https:\/\/arturehome.com\/en\/product\/tavoline-mesi-manas\/","title":{"rendered":"Tavolin\u00eb Mesi Manas"},"content":{"rendered":"<p data-start=\"976\" data-end=\"1069\">Tavolina mesi me dizajn minimalist q\u00eb kompleton sallonin dhe shton praktik\u00ebn n\u00eb p\u00ebrditshm\u00ebri.<\/p>","protected":false},"excerpt":{"rendered":"<p data-start=\"976\" data-end=\"1069\">Tavolina mesi me dizajn minimalist q\u00eb kompleton sallonin dhe shton praktik\u00ebn n\u00eb p\u00ebrditshm\u00ebri.<\/p>","protected":false},"featured_media":18744,"comment_status":"open","ping_status":"closed","template":"","meta":{"om_disable_all_campaigns":false,"_monsterinsights_skip_tracking":false,"_monsterinsights_sitenote_active":false,"_monsterinsights_sitenote_note":"","_monsterinsights_sitenote_category":0},"product_brand":[],"product_cat":[160],"product_tag":[88,120],"class_list":{"0":"post-18743","1":"product","2":"type-product","3":"status-publish","4":"has-post-thumbnail","6":"product_cat-tavolina-mesi","7":"product_tag-hot","8":"product_tag-trend","11":"first","12":"instock","13":"shipping-taxable","14":"product-type-simple"},"aioseo_notices":[],"_links":{"self":[{"href":"https:\/\/arturehome.com\/en\/wp-json\/wp\/v2\/product\/18743","targetHints":{"allow":["GET"]}}],"collection":[{"href":"https:\/\/arturehome.com\/en\/wp-json\/wp\/v2\/product"}],"about":[{"href":"https:\/\/arturehome.com\/en\/wp-json\/wp\/v2\/types\/product"}],"replies":[{"embeddable":true,"href":"https:\/\/arturehome.com\/en\/wp-json\/wp\/v2\/comments?post=18743"}],"wp:featuredmedia":[{"embeddable":true,"href":"https:\/\/arturehome.com\/en\/wp-json\/wp\/v2\/media\/18744"}],"wp:attachment":[{"href":"https:\/\/arturehome.com\/en\/wp-json\/wp\/v2\/media?parent=18743"}],"wp:term":[{"taxonomy":"product_brand","embeddable":true,"href":"https:\/\/arturehome.com\/en\/wp-json\/wp\/v2\/product_brand?post=18743"},{"taxonomy":"product_cat","embeddable":true,"href":"https:\/\/arturehome.com\/en\/wp-json\/wp\/v2\/product_cat?post=18743"},{"taxonomy":"product_tag","embeddable":true,"href":"https:\/\/arturehome.com\/en\/wp-json\/wp\/v2\/product_tag?post=18743"}],"curies":[{"name":"wp","href":"https:\/\/api.w.org\/{rel}","templated":true}]}}