{"id":18774,"date":"2026-01-14T20:09:56","date_gmt":"2026-01-14T20:09:56","guid":{"rendered":"https:\/\/arturehome.com\/?post_type=product&#038;p=18774"},"modified":"2026-02-14T13:09:53","modified_gmt":"2026-02-14T13:09:53","slug":"kuzhina-03","status":"publish","type":"product","link":"https:\/\/arturehome.com\/en\/product\/kuzhina-03\/","title":{"rendered":"Kuzhina 03"},"content":{"rendered":"<p data-start=\"597\" data-end=\"699\">Kuzhina praktike dhe estetike, t\u00eb menduara p\u00ebr organizim t\u00eb leht\u00eb dhe nj\u00eb ambient t\u00eb ngroht\u00eb familjar.<\/p>","protected":false},"excerpt":{"rendered":"<p data-start=\"597\" data-end=\"699\">Kuzhina praktike dhe estetike, t\u00eb menduara p\u00ebr organizim t\u00eb leht\u00eb dhe nj\u00eb ambient t\u00eb ngroht\u00eb familjar.<\/p>","protected":false},"featured_media":18779,"comment_status":"open","ping_status":"closed","template":"","meta":{"om_disable_all_campaigns":false,"_monsterinsights_skip_tracking":false,"_monsterinsights_sitenote_active":false,"_monsterinsights_sitenote_note":"","_monsterinsights_sitenote_category":0},"product_brand":[],"product_cat":[159],"product_tag":[88,120],"class_list":{"0":"post-18774","1":"product","2":"type-product","3":"status-publish","4":"has-post-thumbnail","6":"product_cat-kuzhina","7":"product_tag-hot","8":"product_tag-trend","11":"first","12":"instock","13":"shipping-taxable","14":"product-type-simple"},"aioseo_notices":[],"_links":{"self":[{"href":"https:\/\/arturehome.com\/en\/wp-json\/wp\/v2\/product\/18774","targetHints":{"allow":["GET"]}}],"collection":[{"href":"https:\/\/arturehome.com\/en\/wp-json\/wp\/v2\/product"}],"about":[{"href":"https:\/\/arturehome.com\/en\/wp-json\/wp\/v2\/types\/product"}],"replies":[{"embeddable":true,"href":"https:\/\/arturehome.com\/en\/wp-json\/wp\/v2\/comments?post=18774"}],"wp:featuredmedia":[{"embeddable":true,"href":"https:\/\/arturehome.com\/en\/wp-json\/wp\/v2\/media\/18779"}],"wp:attachment":[{"href":"https:\/\/arturehome.com\/en\/wp-json\/wp\/v2\/media?parent=18774"}],"wp:term":[{"taxonomy":"product_brand","embeddable":true,"href":"https:\/\/arturehome.com\/en\/wp-json\/wp\/v2\/product_brand?post=18774"},{"taxonomy":"product_cat","embeddable":true,"href":"https:\/\/arturehome.com\/en\/wp-json\/wp\/v2\/product_cat?post=18774"},{"taxonomy":"product_tag","embeddable":true,"href":"https:\/\/arturehome.com\/en\/wp-json\/wp\/v2\/product_tag?post=18774"}],"curies":[{"name":"wp","href":"https:\/\/api.w.org\/{rel}","templated":true}]}}